{"id":98,"date":"2023-07-24T16:49:17","date_gmt":"2023-07-24T16:49:17","guid":{"rendered":"https:\/\/itwg.ssec.wisc.edu\/rtsp\/?page_id=98"},"modified":"2023-07-24T18:33:05","modified_gmt":"2023-07-24T18:33:05","slug":"sfcem2-2009","status":"publish","type":"page","link":"https:\/\/itwg.ssec.wisc.edu\/rtsp\/meetings\/sfcem2-2009\/","title":{"rendered":"2nd Workshop on Remote Sensing and Modeling of Surface Properties"},"content":{"rendered":"\n<p>9-11 June 2009, Toulouse, France<br>Meteo France<br>Centre International de Conferences<\/p>\n\n\n\n<p><strong>2nd Workshop Concluded<\/strong><br><img loading=\"lazy\" decoding=\"async\" width=\"800\" height=\"415\" src=\"http:\/\/cimss.ssec.wisc.edu\/itwg\/groups\/rtwg\/meetings\/sfcem\/2009\/WORKSHP_10JUIN2009.png\"><\/p>\n\n\n\n<p><strong>Subject of the workshop<\/strong><\/p>\n\n\n\n<p>Remote sensing and modeling of radiometric and geophysical surface properties, including the impacts of assimilating surface-sensitive measurements.<\/p>\n\n\n\n<ul class=\"wp-block-list\">\n<li>Microwave and infrared spectra and all surface types are of interest:\n<ul class=\"wp-block-list\">\n<li>ocean<\/li>\n\n\n\n<li>land<\/li>\n\n\n\n<li>snow<\/li>\n\n\n\n<li>ice<\/li>\n<\/ul>\n<\/li>\n<\/ul>\n\n\n\n<p>This focused meeting will have no parallel sessions and only oral sessions. The workshop format will encourage open discourse with plenty of time for questions, and discussions.<\/p>\n\n\n\n<p><strong>Venue<\/strong><br>The meeting will convene in the&nbsp;<a href=\"http:\/\/www.meteo.fr\/meteonet\/CIC\/\">Centre International de Conf\u00e9rences<\/a>&nbsp;on the campus M\u00e9t\u00e9o France in Toulouse. The M\u00e9t\u00e9o-France Toulouse site is a campus area named M\u00e9t\u00e9opole, in the western part of Toulouse circa 7 km away from downtown.<\/p>\n\n\n\n<p><strong>Special Thanks<\/strong><br>The&nbsp;<a href=\"http:\/\/lerma7.obspm.fr\/~gdr\/Home.html\">Groupement de Recherche (GdR) Radiom\u00e9trie Microonde&nbsp;<\/a>has awarded sponsorship for the participation of selected Phd students.<\/p>\n\n\n\n<p><strong>Meeting topics<\/strong><br><em>The following non-exhaustive list of scientific topics is suggested:<\/em><\/p>\n\n\n\n<ul class=\"wp-block-list\">\n<li>Description of methodologies to assimilate surface-sensitive radiances in NWP centers (both in operational and research modes), including cloud screening approaches and handling of surface temperature (IR and MW).<\/li>\n\n\n\n<li>Data assimilation impact studies and diagnostics performed using surface-sensitive IR and MW radiances with an emphasis on ocean, land surfaces, Arctic and Antarctic regions.<\/li>\n\n\n\n<li>Discussion about the use of satellite observations in limited area models and specification of land surface parameter requirements for such models.<\/li>\n\n\n\n<li>Overview of emissivity\/reflectivity models and description of available land emissivity databases\/atlases (MW and IR). Review of current available parameters for forward modeling of infrared and microwave emissivities.<\/li>\n\n\n\n<li>Intercomparison\/validation of physical models and directly retrieved emissivities (MW and IR, including land, ocean, and ice surfaces).<\/li>\n\n\n\n<li>State of the operational land surface modeling systems and recent developments.<\/li>\n\n\n\n<li>Retrievals of surface parameters such as sea surface wind, soil moisture, canopy water content, sea-ice concentration, snow water equivalent, etc. and the resulting surface emissivity\/reflectance spectra.<\/li>\n\n\n\n<li>Methods of assimilating surface parameters into numerical weather prediction models.<\/li>\n<\/ul>\n\n\n\n<p>See the\u00a0<a href=\"http:\/\/cimss.ssec.wisc.edu\/itwg\/groups\/rtwg\/meetings\/sfcem\/\"><\/a><a href=\"https:\/\/itwg.ssec.wisc.edu\/rtsp\/wp-content\/uploads\/sites\/7\/2023\/07\/annoucement-toulouse-2009.pdf\" data-type=\"attachment\" data-id=\"101\">announcement<\/a>\u00a0in pdf format for more details.<\/p>\n\n\n\n<p><em>This workshop is sponsored by M\u00e9t\u00e9o-France, NOAA\/NESDIS Office of Research and Applications (STAR), EUMETSAT, l&#8217;Observatoire de Paris, the Joint Center for Satellite Data Assimilation (JCSDA) and the International TOVS Working Group.<\/em><br><\/p>\n\n\n\n<figure class=\"wp-block-table\"><table><tbody><tr><td><strong>Activities<\/strong><\/td><td>June 10 &#8211; Conference dinner<\/td><\/tr><\/tbody><\/table><\/figure>\n","protected":false},"excerpt":{"rendered":"<p>9-11 June 2009, Toulouse, FranceMeteo FranceCentre International de Conferences 2nd Workshop Concluded Subject of the workshop Remote sensing and modeling of radiometric and geophysical surface properties, including the impacts of assimilating surface-sensitive measurements. This focused meeting will have no parallel sessions and only oral sessions. The workshop format will encourage open discourse with plenty of [&hellip;]<\/p>\n","protected":false},"author":3,"featured_media":0,"parent":47,"menu_order":0,"comment_status":"closed","ping_status":"closed","template":"","meta":{"_acf_changed":false,"footnotes":""},"class_list":["post-98","page","type-page","status-publish","hentry"],"acf":[],"_links":{"self":[{"href":"https:\/\/itwg.ssec.wisc.edu\/rtsp\/wp-json\/wp\/v2\/pages\/98","targetHints":{"allow":["GET"]}}],"collection":[{"href":"https:\/\/itwg.ssec.wisc.edu\/rtsp\/wp-json\/wp\/v2\/pages"}],"about":[{"href":"https:\/\/itwg.ssec.wisc.edu\/rtsp\/wp-json\/wp\/v2\/types\/page"}],"author":[{"embeddable":true,"href":"https:\/\/itwg.ssec.wisc.edu\/rtsp\/wp-json\/wp\/v2\/users\/3"}],"replies":[{"embeddable":true,"href":"https:\/\/itwg.ssec.wisc.edu\/rtsp\/wp-json\/wp\/v2\/comments?post=98"}],"version-history":[{"count":25,"href":"https:\/\/itwg.ssec.wisc.edu\/rtsp\/wp-json\/wp\/v2\/pages\/98\/revisions"}],"predecessor-version":[{"id":190,"href":"https:\/\/itwg.ssec.wisc.edu\/rtsp\/wp-json\/wp\/v2\/pages\/98\/revisions\/190"}],"up":[{"embeddable":true,"href":"https:\/\/itwg.ssec.wisc.edu\/rtsp\/wp-json\/wp\/v2\/pages\/47"}],"wp:attachment":[{"href":"https:\/\/itwg.ssec.wisc.edu\/rtsp\/wp-json\/wp\/v2\/media?parent=98"}],"curies":[{"name":"wp","href":"https:\/\/api.w.org\/{rel}","templated":true}]}}