{"id":67,"date":"2023-07-24T16:17:19","date_gmt":"2023-07-24T16:17:19","guid":{"rendered":"https:\/\/itwg.ssec.wisc.edu\/rtsp\/?page_id=67"},"modified":"2023-07-24T16:17:36","modified_gmt":"2023-07-24T16:17:36","slug":"agenda","status":"publish","type":"page","link":"https:\/\/itwg.ssec.wisc.edu\/rtsp\/meetings\/sfcem1-2006\/agenda\/","title":{"rendered":"1st Workshop on Surface Properties: Agenda"},"content":{"rendered":"\n<p><strong>9:00 June 20<\/strong><\/p>\n\n\n\n<ul class=\"wp-block-list\">\n<li><strong>Welcome<\/strong><br>Daniel Egret, pr\u00e9sident de l&#8217;Observatoire de Paris<br><\/li>\n\n\n\n<li><strong>Practical matters<\/strong><br>Catherine Prigent, LERMA\/CNRS, Observatiore de Paris, France<br><\/li>\n\n\n\n<li><strong>Introduction to Workshop and Opening Statements<\/strong><br>Catherine Prigent, LERMA\/CNRS, Observatiore de Paris, France<br>Fuzhong Weng, NOAA\/NESDIS, Camp Springs, Maryland, USA<br><\/li>\n<\/ul>\n\n\n\n<p><strong>Session I: Assimilation of surface sensitive observations in Numerical Weather Prediction systems<\/strong>&nbsp;(<em>Chairs: Godelieve Deblonde and Niels Bormann<\/em>)<\/p>\n\n\n\n<ul class=\"wp-block-list\">\n<li><strong>I-1:<\/strong>\u00a0<strong>An overview of current surface assimilation in NWP centers<\/strong><br>Benjamin Ruston, NRL, Monterey, CA, USA<br>Sid-Ahmed Boukabara, IMSG Inc., NOAA\/NESDIS\/STAR, Camp Springs, USA<br><\/li>\n\n\n\n<li><strong>I-2 US Joint Center for Satellite Data Assimilation (JCSDA):<\/strong>\u00a0<strong>Surface Emissivity Modeling and Impacts on NWP<\/strong><br>Fuzhong Weng, NOAA\/NESDIS, Camp Springs, MD, USA<br><\/li>\n\n\n\n<li><strong>I-3 US NOAA\/NCEP:<\/strong>\u00a0<strong>The NOAA\/NCEP GLobal Land Data Assimilation System<\/strong><br>Jesse Meng, NOAA\/NCEP\/EMC, Camp Springs, MD, USA<br><\/li>\n\n\n\n<li><strong>I-4 ECMWF:<\/strong>\u00a0<strong>Status and plans for assimilation of infrared and microwave radiances over land at ECMWF<\/strong><br>Niels Bormann, European Centre for Medium-range Weather Forecasts, Reading, UK<br><br><strong>10:40 June 20<\/strong><br><strong>+ 20 mn break<\/strong><br><br><strong>11:00 June 20<\/strong><\/li>\n\n\n\n<li><strong>I-5 UK Met Office:<\/strong>\u00a0<strong>A discussion of issues for near surface radiance data assimilation<\/strong><br>Stephen English, UK Met Office, UK<br><\/li>\n\n\n\n<li><strong>I-6 UK Met Office:<\/strong>\u00a0<strong>Status of ocean surface emissivity modelling for operational NWP<\/strong><br>Stephen English, UK Met Office, UK<br><\/li>\n\n\n\n<li><strong>I-7 Canada:<\/strong>\u00a0<strong>Assimilation of surface-sensitive infrared radiances at MSC<\/strong><br>Louis Garand, MSC, Dorval, Canada<br><\/li>\n\n\n\n<li><strong>I-8 M\u00e9t\u00e9o-France:<\/strong>\u00a0<strong>Microwave land emissivity and skin temperature for AMSU-A and AMSU-B assimilation over land<\/strong><br>Fatima Karbou, M\u00e9t\u00e9o-France, Toulouse, France<br><br><strong>13:00 June 20<\/strong><br><strong>+ 1hr lunch<\/strong><br><br><strong>14:00 June 20<\/strong><\/li>\n\n\n\n<li><strong>I-9 M\u00e9t\u00e9o-France:<\/strong>\u00a0<strong>Impact of improved microwave land surface emissivities in the 4DVar assimilation system at M\u00e9t\u00e9o-France<\/strong><br>Elisabeth G\u00e9rard, M\u00e9t\u00e9o-France, Toulouse, France<br><\/li>\n\n\n\n<li><strong>I-10 Norwegian Met Institute:<\/strong>\u00a0<strong>Assimilating AMSU-A over sea ice in HIRLAM 3D-Var<\/strong><br>Harald Schyberg, Norwegian Meteorological Institute, Oslo, Norway<br><\/li>\n\n\n\n<li><strong>Discussion<\/strong><br><\/li>\n<\/ul>\n\n\n\n<p><strong>Session II: Emissivity Modeling<\/strong>&nbsp;(<em>Chairs: Norman Grody and Stephen English<\/em>)<\/p>\n\n\n\n<ul class=\"wp-block-list\">\n<li><strong>II-1:<\/strong>\u00a0<strong>Correcting green vegetation fraction for calibration and spectral effects in AVHRR and VIIRS<\/strong><br>Dan Tarpley, Center for Satellite Applications and Research, NESDIS\/NOAA, Camp Springs, MD, USA<br><\/li>\n\n\n\n<li><strong>II-2:<\/strong>\u00a0<strong>Adaptation of the leaf optical property model PROSPECT to thermal infrared<\/strong><br>Albert Olioso, INRA\/CSE, Domaine Saint Paul, Agroparc, Avignon, France<br><\/li>\n\n\n\n<li><strong>II-3:<\/strong>\u00a0<strong>Test of the SAIL-Thermique radiative transfer model for simulating thermal infrared emissivity and emissivity spectra of plant canopies<\/strong><br>Albert Olioso, INRA\/CSE, Domaine Saint Paul, Agroparc, Avignon, France<br><\/li>\n\n\n\n<li><strong>II-4:<\/strong>\u00a0<strong>Analysis of thermal infrared directional anisotropy over different surface types<\/strong><br>Jean-Pierre Lagouarde, INRA, Villenave d&#8217;Ornon, France<br><br><strong>15:40 June 20<\/strong><br><strong>+ 20mn break<\/strong><br><br><strong>16:00 June 20<\/strong><\/li>\n\n\n\n<li><strong>II-5:<\/strong>\u00a0<strong>Comparisons of modeled microwave and indexed infrared emissivities to satellite retrieval<\/strong><br>Benjamin Ruston, NRL, Monterey, CA, USA<br><\/li>\n\n\n\n<li><strong>II-6:<\/strong>\u00a0<strong>Dependence of brightness temperature on bistatic scattering with applications to Antarctica<\/strong><br>Christian M\u00e4tzler, Institute of Applied Physics, University of Bern, Switzerland<br><\/li>\n\n\n\n<li><strong>II-7:<\/strong>\u00a0<strong>Sea ice microwave emission modelling<\/strong><br>Rasmus Tonboe, Center for Ocean &amp; Ice, Copenhagen, Denmark<br><\/li>\n\n\n\n<li><strong>II-8:<\/strong>\u00a0<strong>Recent advances in estimating the L-band microwave signature of natural land surface covers<\/strong><br>J-P Wigneron, INRA, EPHYSE, Villenave d&#8217;Ornon, France<br><\/li>\n<\/ul>\n\n\n\n<hr class=\"wp-block-separator has-alpha-channel-opacity\" \/>\n\n\n\n<p><strong>9:00 June 21<\/strong><\/p>\n\n\n\n<p><strong>Session III: Emissivity retrieved from observations<\/strong>&nbsp;(<em>Chairs: Dan Tarpley and Christian M\u00e4tzler<\/em>)<\/p>\n\n\n\n<ul class=\"wp-block-list\">\n<li><strong>III-1:<\/strong>\u00a0<strong>A global infrared land surface emissivity database<\/strong><br>Eva E. Borbas, Space Science and Engineering Center, University of Wisconsin-Madison, USA<br><\/li>\n\n\n\n<li><strong>III-2:<\/strong>\u00a0<strong>Continental surface emissivity spectra retrieved from AIRS observations<\/strong><br>E. P\u00e9quignot, Laboratoire de M\u00e9t\u00e9orologie Dynamique, Ecole Polytechnique, Palaiseau, France<br><\/li>\n\n\n\n<li><strong>III-3:<\/strong>\u00a0<strong>Land surface emissivity retrieval from satellite data and ground-based measurements<\/strong><br>J. A. Sobrino, Global Change Unit. Dpt. of Earth Physics and Thermodynamics, University of Valencia, Spain<br><\/li>\n\n\n\n<li><strong>III-4:<\/strong>\u00a0<strong>Mapping land surface emissivity with multispectral thermal infrared data from space<\/strong><br>Thomas Schmugge, New Mexico State University, New Mexico, US<br><\/li>\n\n\n\n<li><strong>III-5:<\/strong>\u00a0<strong>Emissivity retrieval from combined mid-infrared and thermal infrared data of MSG-SEVIRI: Study of seasonal variations<\/strong><br>Fran\u00e7oise Nerry, Laboratoire des Sciences de l&#8217;Image, de l&#8217;Informatique et de la T\u00e9l\u00e9d\u00e9tection, Illkirch, France<br><br><strong>10:40 June 21<\/strong><br><strong>+ 20mn break<\/strong><br><br><strong>11:00 June 21<\/strong><\/li>\n\n\n\n<li><strong>III-6:<\/strong>\u00a0<strong>Producing realistic emissivity maps from SEVIRI\/MSG<\/strong><br>Isabel Trigo, Centro Geof\u00edsico da Universidade de Lisboa, Instituto de Meteorologia, Lisboa, Portugal<br><\/li>\n\n\n\n<li><strong>III-7:<\/strong>\u00a0<strong>Microwave land surface emissivities over the globe for a decade<\/strong><br>Catherine Prigent, LERMA\/CNRS, Observatiore de Paris, France<br><\/li>\n\n\n\n<li><strong>III-8:<\/strong>\u00a0<strong>Error sources and their minimization in AMSR-E and SSM\/I land surface microwave emissivity retrievals<\/strong><br>Jean-Luc Moncet, Atmospheric and Environmental Research, Inc., Lexington, MA, USA<br><\/li>\n\n\n\n<li><strong>III-9:<\/strong>\u00a0<strong>Microwave emissivity retrieval over ocean in clear, cloudy, and precipitating conditions. Validation using satellite sensors and airborne GPS-dropsondes<\/strong><br>Sid-Ahmed Boukabara, IMSG Inc., NOAA\/NESDIS\/STAR, Camp Springs, USA<br><\/li>\n\n\n\n<li><strong>III-10:<\/strong>\u00a0<strong>Review of surface emissivities measured at 4.9, 10.4, 21, 35, and 94 GHz for different surface conditions<\/strong><br>Christian M\u00e4tzler, Institute of Applied Physics, University of Bern, Switzerland<br><\/li>\n\n\n\n<li><strong>III-11:<\/strong>\u00a0<strong>Land surface emissivities calculated from TMI, SSM\/I, and AMSU observations: parameterization of the frequency, angular, and polarization dependences and comparison with model results<\/strong><br>Catherine Prigent, LERMA\/CNRS, Observatiore de Paris, France<br><br><strong>13:00 June 21<\/strong><br><strong>+ 1hr lunch<\/strong><br><br><strong>14:00 June 21<\/strong><\/li>\n\n\n\n<li><strong>Discussion about emissivity modeling and retrievals from satellite<\/strong><br><\/li>\n\n\n\n<li><strong>16:00 June 21<\/strong><br><strong>+ 20mn break<\/strong><br><br><strong>16:20 June 21<\/strong><\/li>\n<\/ul>\n\n\n\n<p><strong>Session IV: Satellite retrievals of atmospheric and surface parameters over continental surfaces<\/strong>&nbsp;(<em>Chairs: Thomas Schmugge and Jos\u00e9 Sobrino<\/em>)<\/p>\n\n\n\n<ul class=\"wp-block-list\">\n<li><strong>IV-1:<\/strong>\u00a0<strong>Comparison of land surface skin temperature derived from operational NWP modeling and data assimilation systems, LDAS, satellite retrieval, and ground observations<\/strong><br>Jesse Meng, NOAA\/NCEP\/EMC, Camp Springs, MD, USA<br><\/li>\n\n\n\n<li><strong>IV-2:<\/strong>\u00a0<strong>Regression of Surface Emissivity from AIRS<\/strong><br>Lihang Zhou, QSS Group at NOAA\/NESDIS, Camp Springs, MD, USA<br><\/li>\n\n\n\n<li><strong>IV-3:<\/strong>\u00a0<strong>Retrieval of Land Surface Temperatures from Infrared High Spectral Resolution Satellite Observations: AIRS, IASI, and CrIS<\/strong><br>Robert O. Knuteson, University of Wisconsin-Madison, USA<br><\/li>\n\n\n\n<li><strong>IV-4:<\/strong>\u00a0<strong>Ozone column retrieval using the 9.7 micron band satellite observations<\/strong><br>F. Karcher, M\u00e9t\u00e9o-France CNRM, Toulouse<br><\/li>\n\n\n\n<li><strong>17:20 June 21<\/strong><strong>\u00a0&#8211; Everyone is invited to a brief r\u00e9ception in the salle Cassini<\/strong><\/li>\n<\/ul>\n\n\n\n<hr class=\"wp-block-separator has-alpha-channel-opacity\" \/>\n\n\n\n<p><strong>9:00 June 22<\/strong><\/p>\n\n\n\n<ul class=\"wp-block-list\">\n<li><strong>IV-5:<\/strong>\u00a0<strong>Simultaneous retrieval of surface temperature, emissivity, water vapor and liquid water integrated contents over land from combined IR and SSM\/I observations<\/strong><br>Filipe Aires, CNRS, Universit\u00e9 Paris, France<br><\/li>\n\n\n\n<li><strong>IV-6:<\/strong>\u00a0<strong>Extending retrieval of total water vapour over the Arctic from AMSU-B data using surface emissivity information<\/strong><br>Christian Melsheimer, Institute of Environmental Physics, University of Bremen, Germany<br><\/li>\n\n\n\n<li><strong>IV-7:<\/strong>\u00a0<strong>Surface emissivity and temperature profile retrieval from AMSU in polar regions<\/strong><br>Nizy Mathew, Institute of Environmental Physics, University of Bremen, Germany<br><\/li>\n\n\n\n<li><strong>IV-8:<\/strong>\u00a0<strong>Effective temperature for L-band radiometry<\/strong><br>P. de Rosnay, CESBIO, Toulouse, France<br><\/li>\n\n\n\n<li><strong>IV-9:<\/strong>\u00a0<strong>An emissivity-temperature separation algorithm for the 19 and 37 GHz SSM\/I brightness temperatures over Northern land surface without snow<\/strong><br>Alain Royer, Centre d&#8217;applications et de recherches en t\u00e9l\u00e9d\u00e9tection, Universit\u00e9 de Sherbrooke, Canada<br><br><strong>10:40 June 22<\/strong><br><strong>+ 20mn break<\/strong><br><br><strong>11:00 June 22<\/strong><\/li>\n\n\n\n<li><strong>Discussion<\/strong><br><\/li>\n\n\n\n<li><strong>13:00 June 22<\/strong><\/li>\n<\/ul>\n","protected":false},"excerpt":{"rendered":"<p>9:00 June 20 Session I: Assimilation of surface sensitive observations in Numerical Weather Prediction systems&nbsp;(Chairs: Godelieve Deblonde and Niels Bormann) Session II: Emissivity Modeling&nbsp;(Chairs: Norman Grody and Stephen English) 9:00 June 21 Session III: Emissivity retrieved from observations&nbsp;(Chairs: Dan Tarpley and Christian M\u00e4tzler) Session IV: Satellite retrievals of atmospheric and surface parameters over continental surfaces&nbsp;(Chairs: [&hellip;]<\/p>\n","protected":false},"author":3,"featured_media":0,"parent":55,"menu_order":0,"comment_status":"closed","ping_status":"closed","template":"","meta":{"_acf_changed":false,"footnotes":""},"class_list":["post-67","page","type-page","status-publish","hentry"],"acf":[],"_links":{"self":[{"href":"https:\/\/itwg.ssec.wisc.edu\/rtsp\/wp-json\/wp\/v2\/pages\/67","targetHints":{"allow":["GET"]}}],"collection":[{"href":"https:\/\/itwg.ssec.wisc.edu\/rtsp\/wp-json\/wp\/v2\/pages"}],"about":[{"href":"https:\/\/itwg.ssec.wisc.edu\/rtsp\/wp-json\/wp\/v2\/types\/page"}],"author":[{"embeddable":true,"href":"https:\/\/itwg.ssec.wisc.edu\/rtsp\/wp-json\/wp\/v2\/users\/3"}],"replies":[{"embeddable":true,"href":"https:\/\/itwg.ssec.wisc.edu\/rtsp\/wp-json\/wp\/v2\/comments?post=67"}],"version-history":[{"count":2,"href":"https:\/\/itwg.ssec.wisc.edu\/rtsp\/wp-json\/wp\/v2\/pages\/67\/revisions"}],"predecessor-version":[{"id":69,"href":"https:\/\/itwg.ssec.wisc.edu\/rtsp\/wp-json\/wp\/v2\/pages\/67\/revisions\/69"}],"up":[{"embeddable":true,"href":"https:\/\/itwg.ssec.wisc.edu\/rtsp\/wp-json\/wp\/v2\/pages\/55"}],"wp:attachment":[{"href":"https:\/\/itwg.ssec.wisc.edu\/rtsp\/wp-json\/wp\/v2\/media?parent=67"}],"curies":[{"name":"wp","href":"https:\/\/api.w.org\/{rel}","templated":true}]}}