{"id":278,"date":"2023-07-25T19:38:03","date_gmt":"2023-07-25T19:38:03","guid":{"rendered":"https:\/\/itwg.ssec.wisc.edu\/rtsp\/?page_id=278"},"modified":"2023-07-25T20:00:16","modified_gmt":"2023-07-25T20:00:16","slug":"presentations","status":"publish","type":"page","link":"https:\/\/itwg.ssec.wisc.edu\/rtsp\/meetings\/sfcem4-2016\/presentations\/","title":{"rendered":"4th Workshop on Remote Sensing and Modeling of Surface Properties: Presentations"},"content":{"rendered":"\n<p><strong>Session 1: Land Data Assimilation \/ Monitoring \/ Applications<\/strong><\/p>\n\n\n\n<p>S. Mecklenburg (ESA)<\/p>\n\n\n\n<ul class=\"wp-block-list\">\n<li><a href=\"https:\/\/itwg.ssec.wisc.edu\/rtsp\/wp-content\/uploads\/sites\/7\/2023\/07\/Mecklenburg_RSMSP_March2016.pdf\" data-type=\"attachment\" data-id=\"312\">ESA\u2019s Soil Moisture and Ocean Salinity Mission: An overview on the mission\u2019s performance and scientific results<\/a><\/li>\n<\/ul>\n\n\n\n<p>P. DeRosnay (ECMWF)<\/p>\n\n\n\n<ul class=\"wp-block-list\">\n<li><a href=\"https:\/\/itwg.ssec.wisc.edu\/rtsp\/wp-content\/uploads\/sites\/7\/2023\/07\/Derosnay_RSMSP_March2016.pdf\" data-type=\"attachment\" data-id=\"311\">Assimilation of land surface satellite data for operational Numerical Weather Prediction at ECMWF<\/a><\/li>\n<\/ul>\n\n\n\n<p>J.F. Mahfouf (CNRM)<\/p>\n\n\n\n<ul class=\"wp-block-list\">\n<li><a href=\"https:\/\/itwg.ssec.wisc.edu\/rtsp\/wp-content\/uploads\/sites\/7\/2023\/07\/Mahfouf_RSMSP_March2016.pdf\" data-type=\"attachment\" data-id=\"310\">Assimilation of superficial soil moisture in the land surface scheme ISBA: comparison between Extended and Ensemble Kalman Filters<\/a><\/li>\n<\/ul>\n\n\n\n<p>N. Rodriguez-Fernandez (ECMWF)<\/p>\n\n\n\n<ul class=\"wp-block-list\">\n<li><a href=\"https:\/\/itwg.ssec.wisc.edu\/rtsp\/wp-content\/uploads\/sites\/7\/2023\/07\/Rodriguez-Fernandez_RSMSP_March2016.pdf\" data-type=\"attachment\" data-id=\"309\">Assimilation of SMOS neural-network-retrieved soil moisture for numerical Weather Prediction at ECMWF<\/a><\/li>\n<\/ul>\n\n\n\n<p>M. Kim (KMA\/National Institute of Meteorological Sciences)<\/p>\n\n\n\n<ul class=\"wp-block-list\">\n<li><a href=\"https:\/\/itwg.ssec.wisc.edu\/rtsp\/wp-content\/uploads\/sites\/7\/2023\/07\/MeejaKim_RSMSP_March2016.pdf\" data-type=\"attachment\" data-id=\"308\">The Application of Satellite Data in the Global Surface Data Assimilation System at KMA<\/a><\/li>\n<\/ul>\n\n\n\n<p>S. English (ECMWF)<\/p>\n\n\n\n<ul class=\"wp-block-list\">\n<li><a href=\"https:\/\/itwg.ssec.wisc.edu\/rtsp\/wp-content\/uploads\/sites\/7\/2023\/07\/English_Lupu_RSMSP_March2016.pdf\" data-type=\"attachment\" data-id=\"307\">Surface temperature for Atmospheric Sounding<\/a><\/li>\n<\/ul>\n\n\n\n<p>A. Duguay-Tetzlaff (MeteoSwiss)<\/p>\n\n\n\n<ul class=\"wp-block-list\">\n<li><a href=\"https:\/\/itwg.ssec.wisc.edu\/rtsp\/wp-content\/uploads\/sites\/7\/2023\/07\/Duguay_Tetzlaff_RSMSP_March2016.pdf\" data-type=\"attachment\" data-id=\"306\">A satellite-based long-term Land Surface Temperature Climate Data Record<\/a><\/li>\n<\/ul>\n\n\n\n<p>J. Brooke (MetOffice)<\/p>\n\n\n\n<ul class=\"wp-block-list\">\n<li><a href=\"https:\/\/itwg.ssec.wisc.edu\/rtsp\/wp-content\/uploads\/sites\/7\/2023\/07\/Brooke_RSMSP_March2016.pdf\" data-type=\"attachment\" data-id=\"305\">Evaluating the Unified Model and JULES simulated land surface temperature (LST) using MODIS LST retrievals and ground-based eddy-covariance flux measurements<\/a><\/li>\n<\/ul>\n\n\n\n<p>N. Boukachaba (CNRM)<\/p>\n\n\n\n<ul class=\"wp-block-list\">\n<li><a href=\"https:\/\/itwg.ssec.wisc.edu\/rtsp\/wp-content\/uploads\/sites\/7\/2023\/07\/Boukachaba_RSMSP_March2016.pdf\" data-type=\"attachment\" data-id=\"304\">The improvement of assimilation of IASI surface-sensitive channels over land at convective scale AROME Model<\/a><\/li>\n<\/ul>\n\n\n\n<p>G. Balsamo (ECMWF)<\/p>\n\n\n\n<ul class=\"wp-block-list\">\n<li><a href=\"https:\/\/itwg.ssec.wisc.edu\/rtsp\/wp-content\/uploads\/sites\/7\/2023\/07\/Balsamo_RSMSP_March2016.pdf\" data-type=\"attachment\" data-id=\"303\">Comparison of model land skin temperature with remotely sensed estimates and assessment of surface-atmosphere coupling<\/a><\/li>\n<\/ul>\n\n\n\n<p>S. Munchak (NASA GSFC)<\/p>\n\n\n\n<ul class=\"wp-block-list\">\n<li><a href=\"https:\/\/itwg.ssec.wisc.edu\/rtsp\/wp-content\/uploads\/sites\/7\/2023\/07\/Munchak_RSMSP_March2016.pdf\" data-type=\"attachment\" data-id=\"302\">GPM Observations of Microwave Land Surface Emissivity and Radar Backscatter<\/a><\/li>\n<\/ul>\n\n\n\n<p>J. Turk (JPL)<\/p>\n\n\n\n<ul class=\"wp-block-list\">\n<li><a href=\"https:\/\/itwg.ssec.wisc.edu\/rtsp\/wp-content\/uploads\/sites\/7\/2023\/07\/Turk_RSMSP_March2016.pdf\" data-type=\"attachment\" data-id=\"301\">Estimating Non-Raining Surface Parameters to Assist GPM Constellation Radiometer Precipitation Algorithms<\/a><\/li>\n<\/ul>\n\n\n\n<p>C. Birman (CNRM)<\/p>\n\n\n\n<ul class=\"wp-block-list\">\n<li><a href=\"https:\/\/itwg.ssec.wisc.edu\/rtsp\/wp-content\/uploads\/sites\/7\/2023\/07\/Birman_RSMSP_March2016.pdf\" data-type=\"attachment\" data-id=\"300\">Daily rainfall detection and estimation over land using microwave surface emissivities<\/a><\/li>\n<\/ul>\n\n\n\n<p><strong>Session 2: Surface Emissivity Modeling \/ Retrieval<\/strong><\/p>\n\n\n\n<p>R. Tonboe (DMI)<\/p>\n\n\n\n<ul class=\"wp-block-list\">\n<li><a href=\"https:\/\/itwg.ssec.wisc.edu\/rtsp\/wp-content\/uploads\/sites\/7\/2023\/07\/Tonboe_RSMSP_March2016.pdf\" data-type=\"attachment\" data-id=\"299\">Simulations of the sea ice thermal microwave emissivity<\/a><\/li>\n<\/ul>\n\n\n\n<p>M. Chen (JCSDA\/STAR\/NESDIS)<\/p>\n\n\n\n<ul class=\"wp-block-list\">\n<li><a href=\"https:\/\/itwg.ssec.wisc.edu\/rtsp\/wp-content\/uploads\/sites\/7\/2023\/07\/MingChen_RSMSP_March2016.pdf\" data-type=\"attachment\" data-id=\"298\">Development and improvement of Community Surface Emissivity MODEL (CSEM) system<\/a><\/li>\n<\/ul>\n\n\n\n<p>S. Ringerud (NASA GSFC \/ USRA)<\/p>\n\n\n\n<ul class=\"wp-block-list\">\n<li><a href=\"https:\/\/itwg.ssec.wisc.edu\/rtsp\/wp-content\/uploads\/sites\/7\/2023\/07\/Ringerud_RSMSP_March2016.pdf\" data-type=\"attachment\" data-id=\"297\">Land Surface Properties and Emissivity in Passive Microwave Precipitation Retrievals for GPM<\/a><\/li>\n<\/ul>\n\n\n\n<p>R. Gray (MetOffice)<\/p>\n\n\n\n<ul class=\"wp-block-list\">\n<li><a href=\"https:\/\/itwg.ssec.wisc.edu\/rtsp\/wp-content\/uploads\/sites\/7\/2023\/07\/Gray_RSMSP_March2016.pdf\" data-type=\"attachment\" data-id=\"296\">Introduction to the Development of a Dynamic Infrared Land Surface Emissivity Atlas based on IASI Retrievals<\/a><\/li>\n<\/ul>\n\n\n\n<p>M. Lange (DWD)<\/p>\n\n\n\n<ul class=\"wp-block-list\">\n<li><a href=\"https:\/\/itwg.ssec.wisc.edu\/rtsp\/wp-content\/uploads\/sites\/7\/2023\/07\/Lange_RSMSP_March2016.pdf\" data-type=\"attachment\" data-id=\"295\">Evaluation of an emissivity module to improve the simulation of L-band brightness temperature over desert regions with CMEM<\/a><\/li>\n<\/ul>\n\n\n\n<p>C. Prigent (Observatoire de Paris)<\/p>\n\n\n\n<ul class=\"wp-block-list\">\n<li><a href=\"https:\/\/itwg.ssec.wisc.edu\/rtsp\/wp-content\/uploads\/sites\/7\/2023\/07\/Prigent_RSMSP_March2016.pdf\" data-type=\"attachment\" data-id=\"294\">Generic emissivity parameterizations at microwave to sub-millimeter waves, for ocean and land<\/a><\/li>\n<\/ul>\n\n\n\n<p>D. Wang (Observatoire de Paris)<\/p>\n\n\n\n<ul class=\"wp-block-list\">\n<li><a href=\"https:\/\/itwg.ssec.wisc.edu\/rtsp\/wp-content\/uploads\/sites\/7\/2023\/07\/Wang_RSMSP_March2016.pdf\" data-type=\"attachment\" data-id=\"293\">Estimation of surface emissivity up to 325 GHz with the ISMAR airborne instrument<\/a><\/li>\n<\/ul>\n\n\n\n<p>E. Borbas (UW-Madison\/SSEC\/CIMSS)<\/p>\n\n\n\n<ul class=\"wp-block-list\">\n<li><a href=\"https:\/\/itwg.ssec.wisc.edu\/rtsp\/wp-content\/uploads\/sites\/7\/2023\/07\/Borbas_RSMSP_March2016.pdf\" data-type=\"attachment\" data-id=\"292\">The MEASURES High Spectral Resolution MODIS\/ASTER Emissivity Database and its evaluation with RTTOV<\/a><\/li>\n<\/ul>\n\n\n\n<p>S. Arhab (Universit\u00e9 d&#8217;Avignon et des Pays du Vaucluse)<\/p>\n\n\n\n<ul class=\"wp-block-list\">\n<li><a href=\"https:\/\/itwg.ssec.wisc.edu\/rtsp\/wp-content\/uploads\/sites\/7\/2023\/07\/Arhab_RSMSP_March2016.pdf\" data-type=\"attachment\" data-id=\"291\">Reconstruction of surface profiles by iterative Newton-Kantorovitch&#8217;s method<\/a><\/li>\n<\/ul>\n\n\n\n<p>Y. Tian (NASA\/GSFC)<\/p>\n\n\n\n<ul class=\"wp-block-list\">\n<li><a href=\"https:\/\/itwg.ssec.wisc.edu\/rtsp\/wp-content\/uploads\/sites\/7\/2023\/07\/Tian_RSMSP_March2016.pdf\" data-type=\"attachment\" data-id=\"290\">Statistical and Physical Modeling for Real-time Estimation of Land Surface Microwave Emissivity<\/a><\/li>\n<\/ul>\n\n\n\n<p>Z. Guerraou (ONERA)<\/p>\n\n\n\n<ul class=\"wp-block-list\">\n<li><a href=\"https:\/\/itwg.ssec.wisc.edu\/rtsp\/wp-content\/uploads\/sites\/7\/2023\/07\/Guerraou_RSMSP_March2016.pdf\" data-type=\"attachment\" data-id=\"289\">Investigation of sea clutter azimuthal variations<\/a><\/li>\n<\/ul>\n\n\n\n<p><strong>Session 3: Issues Related to Snow Surfaces<\/strong><\/p>\n\n\n\n<p>M. Dechambre (LATMOS)<\/p>\n\n\n\n<ul class=\"wp-block-list\">\n<li><a href=\"https:\/\/itwg.ssec.wisc.edu\/rtsp\/wp-content\/uploads\/sites\/7\/2023\/07\/Dechambre_RSMSP_March2016.pdf\" data-type=\"attachment\" data-id=\"287\">Scattering Properties of Electromagnetic Waves in Stratified air\/snow\/ice &amp; air\/vegetation\/soil modeling: sensitivity analysis<\/a><\/li>\n<\/ul>\n\n\n\n<p>J. Vid\u00f4t (M\u00e9t\u00e9o-France\/CMS)<\/p>\n\n\n\n<ul class=\"wp-block-list\">\n<li><a href=\"https:\/\/itwg.ssec.wisc.edu\/rtsp\/wp-content\/uploads\/sites\/7\/2023\/07\/Vidot_RSMSP_March2016.pdf\" data-type=\"attachment\" data-id=\"288\">A snow BRDF atlas for RTTOV: comparison with in situ measurements<\/a><\/li>\n<\/ul>\n\n\n\n<p>M. Dumont (CNRM)<\/p>\n\n\n\n<ul class=\"wp-block-list\">\n<li><a href=\"https:\/\/itwg.ssec.wisc.edu\/rtsp\/wp-content\/uploads\/sites\/7\/2023\/07\/Dumont_RSMSP_March2016.pdf\" data-type=\"attachment\" data-id=\"286\">On the benefit of using spectral albedo and light penetration depth in detailed snowpack simulations<\/a><\/li>\n<\/ul>\n\n\n\n<p>L. Charrois (CNRM)<\/p>\n\n\n\n<ul class=\"wp-block-list\">\n<li><a href=\"https:\/\/itwg.ssec.wisc.edu\/rtsp\/wp-content\/uploads\/sites\/7\/2023\/07\/Charrois_RSMSP_March2016.pdf\" data-type=\"attachment\" data-id=\"285\">Towards the assimilation of MODIS reflectance into the detailed snowpack model SURFEX\/ISBA-Crocus<\/a><\/li>\n<\/ul>\n\n\n\n<p>T. Landelius (SMHI)<\/p>\n\n\n\n<ul class=\"wp-block-list\">\n<li><a href=\"https:\/\/itwg.ssec.wisc.edu\/rtsp\/wp-content\/uploads\/sites\/7\/2023\/07\/Landelius_RSMSP_March2016.pdf\" data-type=\"attachment\" data-id=\"284\">Assimilation of satellite-based measurements of the hydrosphere &#8211; towards a combined meteorological-hydrological forecasting system<\/a><\/li>\n<\/ul>\n\n\n\n<p>G. Veyssi\u00e8re (CNRM)<\/p>\n\n\n\n<ul class=\"wp-block-list\">\n<li><a href=\"https:\/\/itwg.ssec.wisc.edu\/rtsp\/wp-content\/uploads\/sites\/7\/2023\/07\/Veyssiere_RSMSP_March2016.pdf\" data-type=\"attachment\" data-id=\"283\">Towards the use of SAR observations to study snowpack properties in Alpine regions<\/a><\/li>\n<\/ul>\n\n\n\n<p>J.P. Dedieu (LTHE)<\/p>\n\n\n\n<ul class=\"wp-block-list\">\n<li><a href=\"https:\/\/itwg.ssec.wisc.edu\/rtsp\/wp-content\/uploads\/sites\/7\/2023\/07\/Dedieu_RSMSP_March2016.pdf\" data-type=\"attachment\" data-id=\"282\">Snow properties retrieval by full polarimetric decomposition in C-band SAR data<\/a><\/li>\n<\/ul>\n\n\n\n<p>M. Gay (GipsaLab)<\/p>\n\n\n\n<ul class=\"wp-block-list\">\n<li><a href=\"https:\/\/itwg.ssec.wisc.edu\/rtsp\/wp-content\/uploads\/sites\/7\/2023\/07\/Gay_RSMSP_March2016.pdf\" data-type=\"attachment\" data-id=\"281\">Penetration depth of synthetic aperture radar signals (1-100 GHz) in ice and snow: an analytical approach<\/a><\/li>\n<\/ul>\n","protected":false},"excerpt":{"rendered":"<p>Session 1: Land Data Assimilation \/ Monitoring \/ Applications S. Mecklenburg (ESA) P. DeRosnay (ECMWF) J.F. Mahfouf (CNRM) N. Rodriguez-Fernandez (ECMWF) M. Kim (KMA\/National Institute of Meteorological Sciences) S. English (ECMWF) A. Duguay-Tetzlaff (MeteoSwiss) J. Brooke (MetOffice) N. Boukachaba (CNRM) G. Balsamo (ECMWF) S. Munchak (NASA GSFC) J. Turk (JPL) C. Birman (CNRM) Session 2: [&hellip;]<\/p>\n","protected":false},"author":3,"featured_media":0,"parent":268,"menu_order":0,"comment_status":"closed","ping_status":"closed","template":"","meta":{"_acf_changed":false,"footnotes":""},"class_list":["post-278","page","type-page","status-publish","hentry"],"acf":[],"_links":{"self":[{"href":"https:\/\/itwg.ssec.wisc.edu\/rtsp\/wp-json\/wp\/v2\/pages\/278","targetHints":{"allow":["GET"]}}],"collection":[{"href":"https:\/\/itwg.ssec.wisc.edu\/rtsp\/wp-json\/wp\/v2\/pages"}],"about":[{"href":"https:\/\/itwg.ssec.wisc.edu\/rtsp\/wp-json\/wp\/v2\/types\/page"}],"author":[{"embeddable":true,"href":"https:\/\/itwg.ssec.wisc.edu\/rtsp\/wp-json\/wp\/v2\/users\/3"}],"replies":[{"embeddable":true,"href":"https:\/\/itwg.ssec.wisc.edu\/rtsp\/wp-json\/wp\/v2\/comments?post=278"}],"version-history":[{"count":2,"href":"https:\/\/itwg.ssec.wisc.edu\/rtsp\/wp-json\/wp\/v2\/pages\/278\/revisions"}],"predecessor-version":[{"id":313,"href":"https:\/\/itwg.ssec.wisc.edu\/rtsp\/wp-json\/wp\/v2\/pages\/278\/revisions\/313"}],"up":[{"embeddable":true,"href":"https:\/\/itwg.ssec.wisc.edu\/rtsp\/wp-json\/wp\/v2\/pages\/268"}],"wp:attachment":[{"href":"https:\/\/itwg.ssec.wisc.edu\/rtsp\/wp-json\/wp\/v2\/media?parent=278"}],"curies":[{"name":"wp","href":"https:\/\/api.w.org\/{rel}","templated":true}]}}